{"id":727,"date":"2026-02-20T13:03:05","date_gmt":"2026-02-20T13:03:05","guid":{"rendered":"https:\/\/www.stagereturn.com\/?page_id=727"},"modified":"2026-02-20T13:06:08","modified_gmt":"2026-02-20T13:06:08","slug":"mentions-legales","status":"publish","type":"page","link":"https:\/\/www.stagereturn.com\/index.php\/mentions-legales\/","title":{"rendered":"Mentions l\u00e9gales"},"content":{"rendered":"<div class=\"wpb-content-wrapper\"><p>[vc_row][vc_column][vc_column_text css=\u00a0\u00bb\u00a0\u00bb]<\/p>\r\n<h2 class=\"wp-block-heading\">\u00c9diteur du site<\/h2>\r\n<!-- \/wp:post-content -->\r\n<p><!-- wp:paragraph -->Le site <strong>StageReturn<\/strong> est \u00e9dit\u00e9 par :<\/p>\r\n<!-- \/wp:paragraph -->\r\n<p><!-- wp:paragraph --><strong>Orkestra<\/strong><\/p>\r\n<p>N\u00b0SIRET: 94403770400011<br \/>Micro-entreprise<br \/>Dirigeant : Killian Videloup<br \/>Email : <a>contact@stagereturn.com<\/a><br \/>Site web : <a>https:\/\/stagereturn.com<\/a><\/p>\r\n<!-- \/wp:paragraph -->\r\n<p><!-- wp:paragraph -->StageReturn est une solution SaaS de gestion et de suivi d\u2019\u00e9tat pour entreprises de location.<\/p>\r\n<!-- \/wp:paragraph -->\r\n<p>&nbsp;<\/p>\r\n<!-- wp:separator --><hr class=\"wp-block-separator has-alpha-channel-opacity\" \/><!-- \/wp:separator -->\r\n<p>&nbsp;<\/p>\r\n<!-- wp:heading -->\r\n<h2 class=\"wp-block-heading\">H\u00e9bergement<\/h2>\r\n<!-- \/wp:heading -->\r\n<p><!-- wp:paragraph -->Le site est h\u00e9berg\u00e9 par :<\/p>\r\n<!-- \/wp:paragraph -->\r\n<p><!-- wp:paragraph --><strong>OVH SAS<\/strong><br \/>2 rue Kellermann<br \/>59100 Roubaix \u2013 France<br \/><a>www.ovh.com<\/a><\/p>\r\n<!-- \/wp:paragraph -->\r\n<p>&nbsp;<\/p>\r\n<!-- wp:separator --><hr class=\"wp-block-separator has-alpha-channel-opacity\" \/><!-- \/wp:separator -->\r\n<p>&nbsp;<\/p>\r\n<!-- wp:heading -->\r\n<h2 class=\"wp-block-heading\">Propri\u00e9t\u00e9 intellectuelle<\/h2>\r\n<!-- \/wp:heading -->\r\n<p><!-- wp:paragraph -->L\u2019ensemble du contenu pr\u00e9sent sur le site StageReturn (textes, images, logo, design, \u00e9l\u00e9ments graphiques) est prot\u00e9g\u00e9 par le droit d\u2019auteur.<\/p>\r\n<!-- \/wp:paragraph -->\r\n<p><!-- wp:paragraph -->Toute reproduction, modification ou distribution sans autorisation pr\u00e9alable est interdite.<\/p>\r\n<!-- \/wp:paragraph -->\r\n<p>&nbsp;<\/p>\r\n<!-- wp:separator --><hr class=\"wp-block-separator has-alpha-channel-opacity\" \/><!-- \/wp:separator -->\r\n<p>&nbsp;<\/p>\r\n<!-- wp:heading -->\r\n<h2 class=\"wp-block-heading\">Responsabilit\u00e9<\/h2>\r\n<!-- \/wp:heading -->\r\n<p><!-- wp:paragraph -->StageReturn met tout en \u0153uvre pour assurer l\u2019exactitude des informations diffus\u00e9es sur ce site.<br \/>Toutefois, l\u2019\u00e9diteur ne saurait \u00eatre tenu responsable des erreurs, omissions ou interruptions.<\/p>\r\n<!-- \/wp:paragraph -->\r\n<p>&nbsp;<\/p>\r\n<p>[\/vc_column_text][\/vc_column][\/vc_row]<\/p><\/div>","protected":false},"excerpt":{"rendered":"<p>[vc_row][vc_column][vc_column_text css=\u00a0\u00bb\u00a0\u00bb] \u00c9diteur du site Le site StageReturn est \u00e9dit\u00e9 par : Orkestra N\u00b0SIRET: 94403770400011Micro-entrepriseDirigeant : Killian VideloupEmail : contact@stagereturn.comSite web : https:\/\/stagereturn.com StageReturn est une solution SaaS de gestion et de suivi d\u2019\u00e9tat pour entreprises de location. &nbsp; &nbsp; H\u00e9bergement Le site est h\u00e9berg\u00e9 par : OVH SAS2 rue Kellermann59100 Roubaix \u2013 Francewww.ovh.com &nbsp; [&hellip;]<\/p>\n","protected":false},"author":1,"featured_media":0,"parent":0,"menu_order":0,"comment_status":"closed","ping_status":"closed","template":"","meta":{"footnotes":""},"class_list":["post-727","page","type-page","status-publish","hentry"],"_links":{"self":[{"href":"https:\/\/www.stagereturn.com\/index.php\/wp-json\/wp\/v2\/pages\/727","targetHints":{"allow":["GET"]}}],"collection":[{"href":"https:\/\/www.stagereturn.com\/index.php\/wp-json\/wp\/v2\/pages"}],"about":[{"href":"https:\/\/www.stagereturn.com\/index.php\/wp-json\/wp\/v2\/types\/page"}],"author":[{"embeddable":true,"href":"https:\/\/www.stagereturn.com\/index.php\/wp-json\/wp\/v2\/users\/1"}],"replies":[{"embeddable":true,"href":"https:\/\/www.stagereturn.com\/index.php\/wp-json\/wp\/v2\/comments?post=727"}],"version-history":[{"count":2,"href":"https:\/\/www.stagereturn.com\/index.php\/wp-json\/wp\/v2\/pages\/727\/revisions"}],"predecessor-version":[{"id":730,"href":"https:\/\/www.stagereturn.com\/index.php\/wp-json\/wp\/v2\/pages\/727\/revisions\/730"}],"wp:attachment":[{"href":"https:\/\/www.stagereturn.com\/index.php\/wp-json\/wp\/v2\/media?parent=727"}],"curies":[{"name":"wp","href":"https:\/\/api.w.org\/{rel}","templated":true}]}}